{"id":447,"date":"2021-04-06T23:01:39","date_gmt":"2021-04-06T23:01:39","guid":{"rendered":"https:\/\/bridge426.qodeinteractive.com\/?page_id=447"},"modified":"2025-12-22T12:35:22","modified_gmt":"2025-12-22T12:35:22","slug":"about","status":"publish","type":"page","link":"https:\/\/bridgevisionaries.com\/fr\/about\/","title":{"rendered":"A propos de"},"content":{"rendered":"<div data-elementor-type=\"wp-page\" data-elementor-id=\"447\" class=\"elementor elementor-447\" data-elementor-post-type=\"page\">\n\t\t\t\t\t\t<section class=\"elementor-section elementor-top-section elementor-element elementor-element-9aa4f92 elementor-section-full_width elementor-section-height-min-height elementor-section-items-bottom elementor-section-height-default parallax_section_no qode_elementor_container_no\" data-id=\"9aa4f92\" data-element_type=\"section\" data-settings=\"{&quot;background_background&quot;:&quot;classic&quot;}\">\n\t\t\t\t\t\t\t<div class=\"elementor-background-overlay\"><\/div>\n\t\t\t\t\t\t\t<div class=\"elementor-container elementor-column-gap-no\">\n\t\t\t\t\t<div class=\"elementor-column elementor-col-100 elementor-top-column elementor-element elementor-element-8987650\" data-id=\"8987650\" data-element_type=\"column\">\n\t\t\t<div class=\"elementor-widget-wrap elementor-element-populated\">\n\t\t\t\t\t\t<div class=\"elementor-element elementor-element-99b5bba elementor-widget elementor-widget-heading\" data-id=\"99b5bba\" data-element_type=\"widget\" data-widget_type=\"heading.default\">\n\t\t\t\t<div class=\"elementor-widget-container\">\n\t\t\t\t\t<h1 class=\"elementor-heading-title elementor-size-default\">A propos de<\/h1>\t\t\t\t<\/div>\n\t\t\t\t<\/div>\n\t\t\t\t\t<\/div>\n\t\t<\/div>\n\t\t\t\t\t<\/div>\n\t\t<\/section>\n\t\t\t\t<section class=\"elementor-section elementor-top-section elementor-element elementor-element-0eacf51 elementor-section-boxed elementor-section-height-default elementor-section-height-default parallax_section_no qode_elementor_container_no\" data-id=\"0eacf51\" data-element_type=\"section\">\n\t\t\t\t\t\t<div class=\"elementor-container elementor-column-gap-default\">\n\t\t\t\t\t<div class=\"elementor-column elementor-col-100 elementor-top-column elementor-element elementor-element-97064ee\" data-id=\"97064ee\" data-element_type=\"column\">\n\t\t\t<div class=\"elementor-widget-wrap elementor-element-populated\">\n\t\t\t\t\t\t<div class=\"elementor-element elementor-element-dfe49e7 elementor-widget elementor-widget-heading\" data-id=\"dfe49e7\" data-element_type=\"widget\" data-widget_type=\"heading.default\">\n\t\t\t\t<div class=\"elementor-widget-container\">\n\t\t\t\t\t<h3 class=\"elementor-heading-title elementor-size-default\">Bridge Visionaries a \u00e9t\u00e9 cr\u00e9\u00e9 pour explorer les intersections de l'art, de l'innovation et de l'impact ; l\u00e0 o\u00f9 les industries cr\u00e9atives rencontrent la durabilit\u00e9 et le progr\u00e8s social.<\/h3>\t\t\t\t<\/div>\n\t\t\t\t<\/div>\n\t\t\t\t<div class=\"elementor-element elementor-element-a1b99a4 bv_links elementor-widget elementor-widget-heading\" data-id=\"a1b99a4\" data-element_type=\"widget\" data-widget_type=\"heading.default\">\n\t\t\t\t<div class=\"elementor-widget-container\">\n\t\t\t\t\t<h3 class=\"elementor-heading-title elementor-size-default\">Fond\u00e9e par l'\u00e9quipe \u00e0 l'origine de <a href=\"https:\/\/www.bridgeartgallery.net\">Galerie d'art The Bridge<\/a> et <a href=\"https:\/\/mack-made.com\">Mack Made<\/a>, L'initiative rassemble des partenaires mondiaux et locaux afin d'amplifier les voix qui fa\u00e7onnent l'avenir de la culture et du climat.<\/h3>\t\t\t\t<\/div>\n\t\t\t\t<\/div>\n\t\t\t\t<div class=\"elementor-element elementor-element-a171fe4 elementor-widget elementor-widget-heading\" data-id=\"a171fe4\" data-element_type=\"widget\" data-widget_type=\"heading.default\">\n\t\t\t\t<div class=\"elementor-widget-container\">\n\t\t\t\t\t<h3 class=\"elementor-heading-title elementor-size-default\">Par le biais de salons intimes, d'expositions publiques et de r\u00e9cits, Bridge Visionaries cultive un dialogue qui passe de l'inspiration \u00e0 la mise en \u0153uvre.\n<\/h3>\t\t\t\t<\/div>\n\t\t\t\t<\/div>\n\t\t\t\t\t<\/div>\n\t\t<\/div>\n\t\t\t\t\t<\/div>\n\t\t<\/section>\n\t\t\t\t<section class=\"elementor-section elementor-top-section elementor-element elementor-element-276be0e elementor-section-boxed elementor-section-height-default elementor-section-height-default parallax_section_no qode_elementor_container_no\" data-id=\"276be0e\" data-element_type=\"section\" data-settings=\"{&quot;background_background&quot;:&quot;classic&quot;}\">\n\t\t\t\t\t\t<div class=\"elementor-container elementor-column-gap-no\">\n\t\t\t\t\t<div class=\"elementor-column elementor-col-100 elementor-top-column elementor-element elementor-element-627f516\" data-id=\"627f516\" data-element_type=\"column\">\n\t\t\t<div class=\"elementor-widget-wrap elementor-element-populated\">\n\t\t\t\t\t\t<section class=\"elementor-section elementor-inner-section elementor-element elementor-element-d01b6d4 elementor-section-boxed elementor-section-height-default elementor-section-height-default parallax_section_no qode_elementor_container_no\" data-id=\"d01b6d4\" data-element_type=\"section\">\n\t\t\t\t\t\t<div class=\"elementor-container elementor-column-gap-no\">\n\t\t\t\t\t<div class=\"elementor-column elementor-col-100 elementor-inner-column elementor-element elementor-element-d485bcc\" data-id=\"d485bcc\" data-element_type=\"column\">\n\t\t\t<div class=\"elementor-widget-wrap elementor-element-populated\">\n\t\t\t\t\t\t<div class=\"elementor-element elementor-element-a87a1c8 elementor-widget elementor-widget-template\" data-id=\"a87a1c8\" data-element_type=\"widget\" data-widget_type=\"template.default\">\n\t\t\t\t<div class=\"elementor-widget-container\">\n\t\t\t\t\t\t\t<div class=\"elementor-template\">\n\t\t\t\t\t<div data-elementor-type=\"section\" data-elementor-id=\"1389\" class=\"elementor elementor-1389\" data-elementor-post-type=\"elementor_library\">\n\t\t\t\t\t<section class=\"elementor-section elementor-top-section elementor-element elementor-element-31e0e883 elementor-section-boxed elementor-section-height-default elementor-section-height-default parallax_section_no qode_elementor_container_no\" data-id=\"31e0e883\" data-element_type=\"section\" data-settings=\"{&quot;background_background&quot;:&quot;classic&quot;}\">\n\t\t\t\t\t\t<div class=\"elementor-container elementor-column-gap-no\">\n\t\t\t\t\t<div class=\"elementor-column elementor-col-100 elementor-top-column elementor-element elementor-element-724bc625\" data-id=\"724bc625\" data-element_type=\"column\">\n\t\t\t<div class=\"elementor-widget-wrap elementor-element-populated\">\n\t\t\t\t\t\t<section class=\"elementor-section elementor-inner-section elementor-element elementor-element-5292e9bc elementor-section-boxed elementor-section-height-default elementor-section-height-default parallax_section_no qode_elementor_container_no\" data-id=\"5292e9bc\" data-element_type=\"section\">\n\t\t\t\t\t\t<div class=\"elementor-container elementor-column-gap-no\">\n\t\t\t\t\t<div class=\"elementor-column elementor-col-100 elementor-inner-column elementor-element elementor-element-4e5e7ba1\" data-id=\"4e5e7ba1\" data-element_type=\"column\">\n\t\t\t<div class=\"elementor-widget-wrap elementor-element-populated\">\n\t\t\t\t\t\t<div class=\"elementor-element elementor-element-2644ac11 elementor-widget elementor-widget-heading\" data-id=\"2644ac11\" data-element_type=\"widget\" data-widget_type=\"heading.default\">\n\t\t\t\t<div class=\"elementor-widget-container\">\n\t\t\t\t\t<h3 class=\"elementor-heading-title elementor-size-default\">NOS PARTENAIRES<\/h3>\t\t\t\t<\/div>\n\t\t\t\t<\/div>\n\t\t\t\t\t<\/div>\n\t\t<\/div>\n\t\t\t\t\t<\/div>\n\t\t<\/section>\n\t\t\t\t<section class=\"elementor-section elementor-inner-section elementor-element elementor-element-5d321e45 elementor-section-boxed elementor-section-height-default elementor-section-height-default parallax_section_no qode_elementor_container_no\" data-id=\"5d321e45\" data-element_type=\"section\">\n\t\t\t\t\t\t<div class=\"elementor-container elementor-column-gap-default\">\n\t\t\t\t\t<div class=\"elementor-column elementor-col-33 elementor-inner-column elementor-element elementor-element-66f63f9\" data-id=\"66f63f9\" data-element_type=\"column\">\n\t\t\t<div class=\"elementor-widget-wrap elementor-element-populated\">\n\t\t\t\t\t\t<div class=\"elementor-element elementor-element-ec1b22c elementor-widget elementor-widget-image\" data-id=\"ec1b22c\" data-element_type=\"widget\" data-widget_type=\"image.default\">\n\t\t\t\t<div class=\"elementor-widget-container\">\n\t\t\t\t\t\t\t\t\t\t\t\t\t\t\t\t<a href=\"\">\n\t\t\t\t\t\t\t<img fetchpriority=\"high\" decoding=\"async\" width=\"480\" height=\"480\" src=\"https:\/\/bridgevisionaries.com\/wp-content\/uploads\/2025\/12\/city-of-wilmington-logo-sm.png\" class=\"attachment-full size-full wp-image-1557\" alt=\"\" srcset=\"https:\/\/bridgevisionaries.com\/wp-content\/uploads\/2025\/12\/city-of-wilmington-logo-sm.png 480w, https:\/\/bridgevisionaries.com\/wp-content\/uploads\/2025\/12\/city-of-wilmington-logo-sm-300x300.png 300w, https:\/\/bridgevisionaries.com\/wp-content\/uploads\/2025\/12\/city-of-wilmington-logo-sm-150x150.png 150w\" sizes=\"(max-width: 480px) 100vw, 480px\" \/>\t\t\t\t\t\t\t\t<\/a>\n\t\t\t\t\t\t\t\t\t\t\t\t\t\t\t<\/div>\n\t\t\t\t<\/div>\n\t\t\t\t\t<\/div>\n\t\t<\/div>\n\t\t\t\t<div class=\"elementor-column elementor-col-33 elementor-inner-column elementor-element elementor-element-41d48361\" data-id=\"41d48361\" data-element_type=\"column\">\n\t\t\t<div class=\"elementor-widget-wrap elementor-element-populated\">\n\t\t\t\t\t\t<div class=\"elementor-element elementor-element-fd9dca9 elementor-widget elementor-widget-image\" data-id=\"fd9dca9\" data-element_type=\"widget\" data-widget_type=\"image.default\">\n\t\t\t\t<div class=\"elementor-widget-container\">\n\t\t\t\t\t\t\t\t\t\t\t\t\t\t\t\t<a href=\"https:\/\/www.facebook.com\/p\/PanAfrica-Tourism-Board-61575019066702\/\">\n\t\t\t\t\t\t\t<img decoding=\"async\" width=\"480\" height=\"480\" src=\"https:\/\/bridgevisionaries.com\/wp-content\/uploads\/2025\/12\/Pan-African-tourisms-Board-2-logo-1.jpg\" class=\"attachment-full size-full wp-image-1421\" alt=\"\" srcset=\"https:\/\/bridgevisionaries.com\/wp-content\/uploads\/2025\/12\/Pan-African-tourisms-Board-2-logo-1.jpg 480w, https:\/\/bridgevisionaries.com\/wp-content\/uploads\/2025\/12\/Pan-African-tourisms-Board-2-logo-1-300x300.jpg 300w, https:\/\/bridgevisionaries.com\/wp-content\/uploads\/2025\/12\/Pan-African-tourisms-Board-2-logo-1-150x150.jpg 150w\" sizes=\"(max-width: 480px) 100vw, 480px\" \/>\t\t\t\t\t\t\t\t<\/a>\n\t\t\t\t\t\t\t\t\t\t\t\t\t\t\t<\/div>\n\t\t\t\t<\/div>\n\t\t\t\t\t<\/div>\n\t\t<\/div>\n\t\t\t\t<div class=\"elementor-column elementor-col-33 elementor-inner-column elementor-element elementor-element-24f067df\" data-id=\"24f067df\" data-element_type=\"column\">\n\t\t\t<div class=\"elementor-widget-wrap elementor-element-populated\">\n\t\t\t\t\t\t<div class=\"elementor-element elementor-element-3a58e18 elementor-widget elementor-widget-image\" data-id=\"3a58e18\" data-element_type=\"widget\" data-widget_type=\"image.default\">\n\t\t\t\t<div class=\"elementor-widget-container\">\n\t\t\t\t\t\t\t\t\t\t\t\t\t\t\t\t<a href=\"https:\/\/www.facebook.com\/profile.php?id=100093813805937\">\n\t\t\t\t\t\t\t<img decoding=\"async\" width=\"200\" height=\"200\" src=\"https:\/\/bridgevisionaries.com\/wp-content\/uploads\/2025\/12\/african_women_leaders_network_awln_logo.jpeg\" class=\"attachment-large size-large wp-image-1392\" alt=\"\" srcset=\"https:\/\/bridgevisionaries.com\/wp-content\/uploads\/2025\/12\/african_women_leaders_network_awln_logo.jpeg 200w, https:\/\/bridgevisionaries.com\/wp-content\/uploads\/2025\/12\/african_women_leaders_network_awln_logo-150x150.jpeg 150w\" sizes=\"(max-width: 200px) 100vw, 200px\" \/>\t\t\t\t\t\t\t\t<\/a>\n\t\t\t\t\t\t\t\t\t\t\t\t\t\t\t<\/div>\n\t\t\t\t<\/div>\n\t\t\t\t\t<\/div>\n\t\t<\/div>\n\t\t\t\t\t<\/div>\n\t\t<\/section>\n\t\t\t\t<section class=\"elementor-section elementor-inner-section elementor-element elementor-element-3b3e8e0 elementor-section-full_width elementor-section-height-default elementor-section-height-default parallax_section_no qode_elementor_container_no\" data-id=\"3b3e8e0\" data-element_type=\"section\">\n\t\t\t\t\t\t<div class=\"elementor-container elementor-column-gap-default\">\n\t\t\t\t\t<div class=\"elementor-column elementor-col-33 elementor-inner-column elementor-element elementor-element-b7d9242\" data-id=\"b7d9242\" data-element_type=\"column\">\n\t\t\t<div class=\"elementor-widget-wrap elementor-element-populated\">\n\t\t\t\t\t\t<div class=\"elementor-element elementor-element-3ba52dc elementor-widget elementor-widget-image\" data-id=\"3ba52dc\" data-element_type=\"widget\" data-widget_type=\"image.default\">\n\t\t\t\t<div class=\"elementor-widget-container\">\n\t\t\t\t\t\t\t\t\t\t\t\t\t\t\t<img loading=\"lazy\" decoding=\"async\" width=\"500\" height=\"607\" src=\"https:\/\/bridgevisionaries.com\/wp-content\/uploads\/2025\/12\/Stacked-Logo-color.png\" class=\"attachment-large size-large wp-image-1558\" alt=\"\" srcset=\"https:\/\/bridgevisionaries.com\/wp-content\/uploads\/2025\/12\/Stacked-Logo-color.png 500w, https:\/\/bridgevisionaries.com\/wp-content\/uploads\/2025\/12\/Stacked-Logo-color-247x300.png 247w\" sizes=\"(max-width: 500px) 100vw, 500px\" \/>\t\t\t\t\t\t\t\t\t\t\t\t\t\t\t<\/div>\n\t\t\t\t<\/div>\n\t\t\t\t\t<\/div>\n\t\t<\/div>\n\t\t\t\t<div class=\"elementor-column elementor-col-33 elementor-inner-column elementor-element elementor-element-223b6af\" data-id=\"223b6af\" data-element_type=\"column\">\n\t\t\t<div class=\"elementor-widget-wrap elementor-element-populated\">\n\t\t\t\t\t\t<div class=\"elementor-element elementor-element-9733315 elementor-widget elementor-widget-image\" data-id=\"9733315\" data-element_type=\"widget\" data-widget_type=\"image.default\">\n\t\t\t\t<div class=\"elementor-widget-container\">\n\t\t\t\t\t\t\t\t\t\t\t\t\t\t\t\t<a href=\"https:\/\/www.centerforglobalafrica.com\/\">\n\t\t\t\t\t\t\t<img loading=\"lazy\" decoding=\"async\" width=\"1024\" height=\"1024\" src=\"https:\/\/bridgevisionaries.com\/wp-content\/uploads\/2025\/11\/CGA-BWG-Trans-1024x1024.png\" class=\"attachment-large size-large wp-image-1211\" alt=\"\" srcset=\"https:\/\/bridgevisionaries.com\/wp-content\/uploads\/2025\/11\/CGA-BWG-Trans-1024x1024.png 1024w, https:\/\/bridgevisionaries.com\/wp-content\/uploads\/2025\/11\/CGA-BWG-Trans-300x300.png 300w, https:\/\/bridgevisionaries.com\/wp-content\/uploads\/2025\/11\/CGA-BWG-Trans-150x150.png 150w, https:\/\/bridgevisionaries.com\/wp-content\/uploads\/2025\/11\/CGA-BWG-Trans-768x768.png 768w, https:\/\/bridgevisionaries.com\/wp-content\/uploads\/2025\/11\/CGA-BWG-Trans-1536x1536.png 1536w, https:\/\/bridgevisionaries.com\/wp-content\/uploads\/2025\/11\/CGA-BWG-Trans-2048x2048.png 2048w, https:\/\/bridgevisionaries.com\/wp-content\/uploads\/2025\/11\/CGA-BWG-Trans-570x570.png 570w, https:\/\/bridgevisionaries.com\/wp-content\/uploads\/2025\/11\/CGA-BWG-Trans-500x500.png 500w, https:\/\/bridgevisionaries.com\/wp-content\/uploads\/2025\/11\/CGA-BWG-Trans-1000x1000.png 1000w, https:\/\/bridgevisionaries.com\/wp-content\/uploads\/2025\/11\/CGA-BWG-Trans-700x700.png 700w, https:\/\/bridgevisionaries.com\/wp-content\/uploads\/2025\/11\/CGA-BWG-Trans-650x650.png 650w, https:\/\/bridgevisionaries.com\/wp-content\/uploads\/2025\/11\/CGA-BWG-Trans-1300x1300.png 1300w\" sizes=\"(max-width: 1024px) 100vw, 1024px\" \/>\t\t\t\t\t\t\t\t<\/a>\n\t\t\t\t\t\t\t\t\t\t\t\t\t\t\t<\/div>\n\t\t\t\t<\/div>\n\t\t\t\t\t<\/div>\n\t\t<\/div>\n\t\t\t\t<div class=\"elementor-column elementor-col-33 elementor-inner-column elementor-element elementor-element-fde4dd8\" data-id=\"fde4dd8\" data-element_type=\"column\">\n\t\t\t<div class=\"elementor-widget-wrap elementor-element-populated\">\n\t\t\t\t\t\t<div class=\"elementor-element elementor-element-ab75d5d elementor-widget elementor-widget-image\" data-id=\"ab75d5d\" data-element_type=\"widget\" data-widget_type=\"image.default\">\n\t\t\t\t<div class=\"elementor-widget-container\">\n\t\t\t\t\t\t\t\t\t\t\t\t\t\t\t\t<a href=\"https:\/\/export.delaware.gov\/\">\n\t\t\t\t\t\t\t<img loading=\"lazy\" decoding=\"async\" width=\"276\" height=\"121\" src=\"https:\/\/bridgevisionaries.com\/wp-content\/uploads\/2025\/11\/export-delaware-logo.png\" class=\"attachment-large size-large wp-image-1223\" alt=\"\" \/>\t\t\t\t\t\t\t\t<\/a>\n\t\t\t\t\t\t\t\t\t\t\t\t\t\t\t<\/div>\n\t\t\t\t<\/div>\n\t\t\t\t\t<\/div>\n\t\t<\/div>\n\t\t\t\t\t<\/div>\n\t\t<\/section>\n\t\t\t\t<section class=\"elementor-section elementor-inner-section elementor-element elementor-element-f146d40 elementor-section-boxed elementor-section-height-default elementor-section-height-default parallax_section_no qode_elementor_container_no\" data-id=\"f146d40\" data-element_type=\"section\">\n\t\t\t\t\t\t<div class=\"elementor-container elementor-column-gap-default\">\n\t\t\t\t\t<div class=\"elementor-column elementor-col-33 elementor-inner-column elementor-element elementor-element-6b69be8\" data-id=\"6b69be8\" data-element_type=\"column\">\n\t\t\t<div class=\"elementor-widget-wrap elementor-element-populated\">\n\t\t\t\t\t\t<div class=\"elementor-element elementor-element-10da753 elementor-widget elementor-widget-image\" data-id=\"10da753\" data-element_type=\"widget\" data-widget_type=\"image.default\">\n\t\t\t\t<div class=\"elementor-widget-container\">\n\t\t\t\t\t\t\t\t\t\t\t\t\t\t\t<img loading=\"lazy\" decoding=\"async\" width=\"1024\" height=\"563\" src=\"https:\/\/bridgevisionaries.com\/wp-content\/uploads\/2025\/12\/The_Grio.svg_-1024x563.png\" class=\"attachment-large size-large wp-image-1553\" alt=\"\" srcset=\"https:\/\/bridgevisionaries.com\/wp-content\/uploads\/2025\/12\/The_Grio.svg_-1024x563.png 1024w, https:\/\/bridgevisionaries.com\/wp-content\/uploads\/2025\/12\/The_Grio.svg_-300x165.png 300w, https:\/\/bridgevisionaries.com\/wp-content\/uploads\/2025\/12\/The_Grio.svg_-768x422.png 768w, https:\/\/bridgevisionaries.com\/wp-content\/uploads\/2025\/12\/The_Grio.svg_-700x385.png 700w, https:\/\/bridgevisionaries.com\/wp-content\/uploads\/2025\/12\/The_Grio.svg_.png 1200w\" sizes=\"(max-width: 1024px) 100vw, 1024px\" \/>\t\t\t\t\t\t\t\t\t\t\t\t\t\t\t<\/div>\n\t\t\t\t<\/div>\n\t\t\t\t\t<\/div>\n\t\t<\/div>\n\t\t\t\t<div class=\"elementor-column elementor-col-33 elementor-inner-column elementor-element elementor-element-6ab3cc9\" data-id=\"6ab3cc9\" data-element_type=\"column\">\n\t\t\t<div class=\"elementor-widget-wrap elementor-element-populated\">\n\t\t\t\t\t\t<div class=\"elementor-element elementor-element-4650546 elementor-widget elementor-widget-image\" data-id=\"4650546\" data-element_type=\"widget\" data-widget_type=\"image.default\">\n\t\t\t\t<div class=\"elementor-widget-container\">\n\t\t\t\t\t\t\t\t\t\t\t\t\t\t\t<img loading=\"lazy\" decoding=\"async\" width=\"750\" height=\"750\" src=\"https:\/\/bridgevisionaries.com\/wp-content\/uploads\/2025\/12\/HBCU-GO-logo-sm.jpg\" class=\"attachment-large size-large wp-image-1554\" alt=\"\" srcset=\"https:\/\/bridgevisionaries.com\/wp-content\/uploads\/2025\/12\/HBCU-GO-logo-sm.jpg 750w, https:\/\/bridgevisionaries.com\/wp-content\/uploads\/2025\/12\/HBCU-GO-logo-sm-300x300.jpg 300w, https:\/\/bridgevisionaries.com\/wp-content\/uploads\/2025\/12\/HBCU-GO-logo-sm-150x150.jpg 150w, https:\/\/bridgevisionaries.com\/wp-content\/uploads\/2025\/12\/HBCU-GO-logo-sm-570x570.jpg 570w, https:\/\/bridgevisionaries.com\/wp-content\/uploads\/2025\/12\/HBCU-GO-logo-sm-500x500.jpg 500w, https:\/\/bridgevisionaries.com\/wp-content\/uploads\/2025\/12\/HBCU-GO-logo-sm-700x700.jpg 700w, https:\/\/bridgevisionaries.com\/wp-content\/uploads\/2025\/12\/HBCU-GO-logo-sm-650x650.jpg 650w\" sizes=\"(max-width: 750px) 100vw, 750px\" \/>\t\t\t\t\t\t\t\t\t\t\t\t\t\t\t<\/div>\n\t\t\t\t<\/div>\n\t\t\t\t\t<\/div>\n\t\t<\/div>\n\t\t\t\t<div class=\"elementor-column elementor-col-33 elementor-inner-column elementor-element elementor-element-6df1f59\" data-id=\"6df1f59\" data-element_type=\"column\">\n\t\t\t<div class=\"elementor-widget-wrap elementor-element-populated\">\n\t\t\t\t\t\t<div class=\"elementor-element elementor-element-f8730eb elementor-widget elementor-widget-heading\" data-id=\"f8730eb\" data-element_type=\"widget\" data-widget_type=\"heading.default\">\n\t\t\t\t<div class=\"elementor-widget-container\">\n\t\t\t\t\t<h1 class=\"elementor-heading-title elementor-size-default\"><a href=\"https:\/\/www.bakerfamilywines.com\/\">BAKER <br>VINS DE FAMILLE<\/a><\/h1>\t\t\t\t<\/div>\n\t\t\t\t<\/div>\n\t\t\t\t\t<\/div>\n\t\t<\/div>\n\t\t\t\t\t<\/div>\n\t\t<\/section>\n\t\t\t\t<section class=\"elementor-section elementor-inner-section elementor-element elementor-element-adeb7b5 elementor-section-boxed elementor-section-height-default elementor-section-height-default parallax_section_no qode_elementor_container_no\" data-id=\"adeb7b5\" data-element_type=\"section\">\n\t\t\t\t\t\t<div class=\"elementor-container elementor-column-gap-default\">\n\t\t\t\t\t<div class=\"elementor-column elementor-col-33 elementor-inner-column elementor-element elementor-element-dec9c34\" data-id=\"dec9c34\" data-element_type=\"column\">\n\t\t\t<div class=\"elementor-widget-wrap\">\n\t\t\t\t\t\t\t<\/div>\n\t\t<\/div>\n\t\t\t\t<div class=\"elementor-column elementor-col-33 elementor-inner-column elementor-element elementor-element-1badfcf\" data-id=\"1badfcf\" data-element_type=\"column\">\n\t\t\t<div class=\"elementor-widget-wrap elementor-element-populated\">\n\t\t\t\t\t\t<div class=\"elementor-element elementor-element-b6827d0 elementor-widget elementor-widget-image\" data-id=\"b6827d0\" data-element_type=\"widget\" data-widget_type=\"image.default\">\n\t\t\t\t<div class=\"elementor-widget-container\">\n\t\t\t\t\t\t\t\t\t\t\t\t\t\t\t<img loading=\"lazy\" decoding=\"async\" width=\"1024\" height=\"1024\" src=\"https:\/\/bridgevisionaries.com\/wp-content\/uploads\/2025\/12\/stadium-circle-1024x1024.png\" class=\"attachment-large size-large wp-image-1552\" alt=\"\" srcset=\"https:\/\/bridgevisionaries.com\/wp-content\/uploads\/2025\/12\/stadium-circle-1024x1024.png 1024w, https:\/\/bridgevisionaries.com\/wp-content\/uploads\/2025\/12\/stadium-circle-300x300.png 300w, https:\/\/bridgevisionaries.com\/wp-content\/uploads\/2025\/12\/stadium-circle-150x150.png 150w, https:\/\/bridgevisionaries.com\/wp-content\/uploads\/2025\/12\/stadium-circle-768x768.png 768w, https:\/\/bridgevisionaries.com\/wp-content\/uploads\/2025\/12\/stadium-circle-570x570.png 570w, https:\/\/bridgevisionaries.com\/wp-content\/uploads\/2025\/12\/stadium-circle-500x500.png 500w, https:\/\/bridgevisionaries.com\/wp-content\/uploads\/2025\/12\/stadium-circle-1000x1000.png 1000w, https:\/\/bridgevisionaries.com\/wp-content\/uploads\/2025\/12\/stadium-circle-700x700.png 700w, https:\/\/bridgevisionaries.com\/wp-content\/uploads\/2025\/12\/stadium-circle-650x650.png 650w, https:\/\/bridgevisionaries.com\/wp-content\/uploads\/2025\/12\/stadium-circle.png 1080w\" sizes=\"(max-width: 1024px) 100vw, 1024px\" \/>\t\t\t\t\t\t\t\t\t\t\t\t\t\t\t<\/div>\n\t\t\t\t<\/div>\n\t\t\t\t\t<\/div>\n\t\t<\/div>\n\t\t\t\t<div class=\"elementor-column elementor-col-33 elementor-inner-column elementor-element elementor-element-7d1ecf8\" data-id=\"7d1ecf8\" data-element_type=\"column\">\n\t\t\t<div class=\"elementor-widget-wrap\">\n\t\t\t\t\t\t\t<\/div>\n\t\t<\/div>\n\t\t\t\t\t<\/div>\n\t\t<\/section>\n\t\t\t\t\t<\/div>\n\t\t<\/div>\n\t\t\t\t\t<\/div>\n\t\t<\/section>\n\t\t\t\t<\/div>\n\t\t\t\t<\/div>\n\t\t\t\t\t\t<\/div>\n\t\t\t\t<\/div>\n\t\t\t\t\t<\/div>\n\t\t<\/div>\n\t\t\t\t\t<\/div>\n\t\t<\/section>\n\t\t\t\t\t<\/div>\n\t\t<\/div>\n\t\t\t\t\t<\/div>\n\t\t<\/section>\n\t\t\t\t<section class=\"elementor-section elementor-top-section elementor-element elementor-element-579ecdf elementor-section-full_width elementor-section-height-default elementor-section-height-default parallax_section_no qode_elementor_container_no\" data-id=\"579ecdf\" data-element_type=\"section\">\n\t\t\t\t\t\t<div class=\"elementor-container elementor-column-gap-default\">\n\t\t\t\t\t<div class=\"elementor-column elementor-col-100 elementor-top-column elementor-element elementor-element-e01207b\" data-id=\"e01207b\" data-element_type=\"column\">\n\t\t\t<div class=\"elementor-widget-wrap elementor-element-populated\">\n\t\t\t\t\t\t<div class=\"elementor-element elementor-element-5467f1c elementor-widget elementor-widget-image\" data-id=\"5467f1c\" data-element_type=\"widget\" data-widget_type=\"image.default\">\n\t\t\t\t<div class=\"elementor-widget-container\">\n\t\t\t\t\t\t\t\t\t\t\t\t\t\t\t<img loading=\"lazy\" decoding=\"async\" width=\"2560\" height=\"1920\" src=\"https:\/\/bridgevisionaries.com\/wp-content\/uploads\/2025\/11\/M.Avenue-01-scaled-1.jpg\" class=\"attachment-full size-full wp-image-1066\" alt=\"\" srcset=\"https:\/\/bridgevisionaries.com\/wp-content\/uploads\/2025\/11\/M.Avenue-01-scaled-1.jpg 2560w, https:\/\/bridgevisionaries.com\/wp-content\/uploads\/2025\/11\/M.Avenue-01-scaled-1-300x225.jpg 300w, https:\/\/bridgevisionaries.com\/wp-content\/uploads\/2025\/11\/M.Avenue-01-scaled-1-1024x768.jpg 1024w, https:\/\/bridgevisionaries.com\/wp-content\/uploads\/2025\/11\/M.Avenue-01-scaled-1-768x576.jpg 768w, https:\/\/bridgevisionaries.com\/wp-content\/uploads\/2025\/11\/M.Avenue-01-scaled-1-1536x1152.jpg 1536w, https:\/\/bridgevisionaries.com\/wp-content\/uploads\/2025\/11\/M.Avenue-01-scaled-1-2048x1536.jpg 2048w, https:\/\/bridgevisionaries.com\/wp-content\/uploads\/2025\/11\/M.Avenue-01-scaled-1-800x600.jpg 800w, https:\/\/bridgevisionaries.com\/wp-content\/uploads\/2025\/11\/M.Avenue-01-scaled-1-700x525.jpg 700w\" sizes=\"(max-width: 2560px) 100vw, 2560px\" \/>\t\t\t\t\t\t\t\t\t\t\t\t\t\t\t<\/div>\n\t\t\t\t<\/div>\n\t\t\t\t\t<\/div>\n\t\t<\/div>\n\t\t\t\t\t<\/div>\n\t\t<\/section>\n\t\t\t\t<\/div>","protected":false},"excerpt":{"rendered":"<p>About Bridge Visionaries was created to explore the intersections of art, innovation, and impact; where creative industries meet sustainability and social progresse Founded by the team behind The Bridge Art Gallery and Mack Made, the initiative brings together global and local partners to amplify voices&#8230;<\/p>","protected":false},"author":1,"featured_media":0,"parent":0,"menu_order":0,"comment_status":"closed","ping_status":"closed","template":"full_width.php","meta":{"iawp_total_views":77,"footnotes":""},"class_list":["post-447","page","type-page","status-publish","hentry"],"jetpack_sharing_enabled":true,"_links":{"self":[{"href":"https:\/\/bridgevisionaries.com\/fr\/wp-json\/wp\/v2\/pages\/447","targetHints":{"allow":["GET"]}}],"collection":[{"href":"https:\/\/bridgevisionaries.com\/fr\/wp-json\/wp\/v2\/pages"}],"about":[{"href":"https:\/\/bridgevisionaries.com\/fr\/wp-json\/wp\/v2\/types\/page"}],"author":[{"embeddable":true,"href":"https:\/\/bridgevisionaries.com\/fr\/wp-json\/wp\/v2\/users\/1"}],"replies":[{"embeddable":true,"href":"https:\/\/bridgevisionaries.com\/fr\/wp-json\/wp\/v2\/comments?post=447"}],"version-history":[{"count":93,"href":"https:\/\/bridgevisionaries.com\/fr\/wp-json\/wp\/v2\/pages\/447\/revisions"}],"predecessor-version":[{"id":1650,"href":"https:\/\/bridgevisionaries.com\/fr\/wp-json\/wp\/v2\/pages\/447\/revisions\/1650"}],"wp:attachment":[{"href":"https:\/\/bridgevisionaries.com\/fr\/wp-json\/wp\/v2\/media?parent=447"}],"curies":[{"name":"wp","href":"https:\/\/api.w.org\/{rel}","templated":true}]}}